{"id":36,"date":"2026-03-04T15:56:47","date_gmt":"2026-03-04T15:56:47","guid":{"rendered":"https:\/\/rozwijajmy-ustron.pl\/?page_id=36"},"modified":"2026-03-04T19:32:06","modified_gmt":"2026-03-04T19:32:06","slug":"o-nas","status":"publish","type":"page","link":"https:\/\/rozwijajmy-ustron.pl\/?page_id=36","title":{"rendered":"O nas"},"content":{"rendered":"\n<p>\u201eRozwijajMy Ustro\u0144\u201d to inicjatywa mieszka\u0144c\u00f3w i spo\u0142ecznik\u00f3w dzia\u0142aj\u0105cych na rzecz rozwoju miasta Ustro\u0144 oraz aktywizacji lokalnej spo\u0142eczno\u015bci. Jej celem jest wspieranie inicjatyw obywatelskich, budowanie spo\u0142ecze\u0144stwa obywatelskiego oraz podejmowanie dzia\u0142a\u0144 na rzecz poprawy jako\u015bci \u017cycia mieszka\u0144c\u00f3w miasta.<\/p>\n\n\n\n<p>Organizacja zajmuje si\u0119 m.in.:<\/p>\n\n\n\n<ul class=\"wp-block-list\">\n<li>promowaniem aktywno\u015bci spo\u0142ecznej i obywatelskiej mieszka\u0144c\u00f3w,<\/li>\n\n\n\n<li>wspieraniem inicjatyw lokalnych i integracji spo\u0142eczno\u015bci,<\/li>\n\n\n\n<li>przygotowywaniem projekt\u00f3w i strategii dotycz\u0105cych rozwoju miasta,<\/li>\n\n\n\n<li>wsp\u00f3\u0142prac\u0105 z instytucjami publicznymi oraz organizacjami spo\u0142ecznymi,<\/li>\n\n\n\n<li>dzia\u0142aniami w obszarze turystyki, sportu i lokalnej kultury,<\/li>\n\n\n\n<li>wspieraniem przedsi\u0119biorczo\u015bci i rozwoju gospodarczego,<\/li>\n\n\n\n<li>dzia\u0142alno\u015bci\u0105 charytatywn\u0105 i wolontariatem.<\/li>\n<\/ul>\n\n\n\n<p>Stowarzyszenie zosta\u0142o zarejestrowane w 2023 roku w Ustroniu i skupia osoby zaanga\u017cowane w dzia\u0142ania spo\u0142eczne oraz rozw\u00f3j miasta.<\/p>\n","protected":false},"excerpt":{"rendered":"<p>\u201eRozwijajMy Ustro\u0144\u201d to inicjatywa mieszka\u0144c\u00f3w i spo\u0142ecznik\u00f3w dzia\u0142aj\u0105cych na rzecz rozwoju miasta Ustro\u0144 oraz aktywizacji lokalnej spo\u0142eczno\u015bci. Jej celem jest wspieranie inicjatyw obywatelskich, budowanie spo\u0142ecze\u0144stwa obywatelskiego oraz podejmowanie dzia\u0142a\u0144 na &#8230;<\/p>\n","protected":false},"author":1,"featured_media":0,"parent":0,"menu_order":0,"comment_status":"closed","ping_status":"closed","template":"","meta":{"footnotes":""},"class_list":["post-36","page","type-page","status-publish","hentry"],"_links":{"self":[{"href":"https:\/\/rozwijajmy-ustron.pl\/index.php?rest_route=\/wp\/v2\/pages\/36","targetHints":{"allow":["GET"]}}],"collection":[{"href":"https:\/\/rozwijajmy-ustron.pl\/index.php?rest_route=\/wp\/v2\/pages"}],"about":[{"href":"https:\/\/rozwijajmy-ustron.pl\/index.php?rest_route=\/wp\/v2\/types\/page"}],"author":[{"embeddable":true,"href":"https:\/\/rozwijajmy-ustron.pl\/index.php?rest_route=\/wp\/v2\/users\/1"}],"replies":[{"embeddable":true,"href":"https:\/\/rozwijajmy-ustron.pl\/index.php?rest_route=%2Fwp%2Fv2%2Fcomments&post=36"}],"version-history":[{"count":2,"href":"https:\/\/rozwijajmy-ustron.pl\/index.php?rest_route=\/wp\/v2\/pages\/36\/revisions"}],"predecessor-version":[{"id":43,"href":"https:\/\/rozwijajmy-ustron.pl\/index.php?rest_route=\/wp\/v2\/pages\/36\/revisions\/43"}],"wp:attachment":[{"href":"https:\/\/rozwijajmy-ustron.pl\/index.php?rest_route=%2Fwp%2Fv2%2Fmedia&parent=36"}],"curies":[{"name":"wp","href":"https:\/\/api.w.org\/{rel}","templated":true}]}}