{"id":6,"date":"2026-03-04T15:42:06","date_gmt":"2026-03-04T15:42:06","guid":{"rendered":"https:\/\/rozwijajmy-ustron.pl\/?page_id=6"},"modified":"2026-03-04T19:39:55","modified_gmt":"2026-03-04T19:39:55","slug":"stowarzyszenie-rozwijajmy-ustron","status":"publish","type":"page","link":"https:\/\/rozwijajmy-ustron.pl\/","title":{"rendered":"Stowarzyszenie \u201eRozwijajMy Ustro\u0144\u201d"},"content":{"rendered":"\n<div class=\"wp-block-cover is-repeated\"><div class=\"wp-block-cover__image-background wp-image-21 size-full is-repeated\" style=\"background-position:50% 50%;background-image:url(https:\/\/rozwijajmy-ustron.pl\/wp-content\/uploads\/2026\/03\/rozwijajmy.png)\"><\/div><span aria-hidden=\"true\" class=\"wp-block-cover__background has-black-background-color has-background-dim\"><\/span><div class=\"wp-block-cover__inner-container is-layout-constrained wp-block-cover-is-layout-constrained\">\n<p class=\"has-text-align-center has-white-color has-text-color has-link-color has-large-font-size wp-elements-b124dd92c33fecbef343626f953505ca\">Porozmawiajmy na powa\u017cnie o Ustroniu<\/p>\n<\/div><\/div>\n\n\n\n<div style=\"height:29px\" aria-hidden=\"true\" class=\"wp-block-spacer\"><\/div>\n\n\n\n<h2 class=\"wp-block-heading\">Dlaczego Ustro\u0144?<\/h2>\n\n\n\n<p>Bo&nbsp;<a href=\"https:\/\/ustron.pl\/pl\"><strong>Miasto Ustro\u0144<\/strong><\/a>&nbsp;jest dla nas bardzo wa\u017cne. W nim mieszkamy, pracujemy, wychowujemy, uczymy si\u0119 i po prostu \u017cyjemy. Z niego te\u017c pochodzimy. Ustro\u0144 jest nam bliski, nieoboj\u0119tny i warty po\u015bwi\u0119cenia.<\/p>\n\n\n\n<h2 class=\"wp-block-heading\">Dlaczego Rozwija\u0107?<\/h2>\n\n\n\n<p>Bo nie chodzi o to by rewolucjonizowa\u0107 i zmienia\u0107 dla samej zmiany. W naszym mie\u015bcie dzia\u0142a\u0142y pokolenia os\u00f3b, kt\u00f3re swoim po\u015bwi\u0119ceniem zbudowa\u0142y wiele dobrych rzeczy. Chcemy to kontynuowa\u0107 i zachowa\u0107 dla naszych dzieci. Zale\u017cy nam te\u017c by do\u0142o\u017cy\u0107 swoj\u0105 cegie\u0142k\u0119, zostawi\u0107 \u015blad, kt\u00f3ry b\u0119dzie warto\u015bci\u0105 dodan\u0105.<\/p>\n\n\n\n<h2 class=\"wp-block-heading\">Dlaczego My?<\/h2>\n\n\n\n<p>Bo samemu mo\u017cna zrobi\u0107 niewiele. Chcemy przekonywa\u0107 i skupi\u0107 grup\u0119 os\u00f3b, kt\u00f3re postrzegaj\u0105 przysz\u0142o\u015b\u0107 Ustronia tak samo jak my \u2013 czyli przede wszystkim pozytywnie, z nastawieniem na dialog i dzia\u0142anie<\/p>\n\n\n\n<p>Chcemy uczestniczy\u0107 w \u017cyciu miasta, m.in. poprzez organizowanie r\u00f3\u017cnego rodzaju wydarze\u0144, by by\u0107 jego warto\u015bci\u0105 dodan\u0105. Zale\u017cy nam na dzia\u0142aniu d\u0142ugofalowym, prowadzonym w drodze dialogu.<\/p>\n\n\n\n<h2 class=\"wp-block-heading\">Poznaj nas bli\u017cej<\/h2>\n\n\n\n<p>Stowarzyszenie to ludzie, a ludzie to mieszka\u0144cy Ustronia. Zobacz kto\u00a0stoi za inicjatyw\u0105\u00a0<strong>RozwijajMy Ustro\u0144<\/strong>\u00a0i\u00a0<a href=\"https:\/\/rozwijajmy-ustron.pl\/?page_id=36\" data-type=\"page\" data-id=\"36\"><strong>poznaj nas<\/strong><\/a>\u00a0bli\u017cej. Dowiedz si\u0119\u00a0<strong><a href=\"https:\/\/rozwijajmy-ustron.pl\/?page_id=36\" data-type=\"page\" data-id=\"36\">O nas<\/a><\/strong>\u00a0wi\u0119cej i sprawd\u017a jakie przy\u015bwiecaj\u0105 nam cele oraz warto\u015bci. Sprawd\u017a na <a href=\"https:\/\/www.facebook.com\/RozwijajMyUstron\"><strong>Facebooku<\/strong><\/a>\u00a0gdzie mo\u017cesz nas spotka\u0107 w najbli\u017cszym czasie i porozmawiajmy na \u017cywo! W mi\u0119dzyczasie zapraszamy do\u00a0<a href=\"https:\/\/rozwijajmy-ustron.pl\/?page_id=10\" data-type=\"page\" data-id=\"10\"><strong>Kontaktu<\/strong><\/a>\u00a0z nami przy pomocy formularza.<\/p>\n\n\n\n<div style=\"height:0px\" aria-hidden=\"true\" class=\"wp-block-spacer\"><\/div>\n","protected":false},"excerpt":{"rendered":"<p>Dlaczego Ustro\u0144? Bo&nbsp;Miasto Ustro\u0144&nbsp;jest dla nas bardzo wa\u017cne. W nim mieszkamy, pracujemy, wychowujemy, uczymy si\u0119 i po prostu \u017cyjemy. Z niego te\u017c pochodzimy. Ustro\u0144 jest nam bliski, nieoboj\u0119tny i warty &#8230;<\/p>\n","protected":false},"author":1,"featured_media":0,"parent":0,"menu_order":0,"comment_status":"closed","ping_status":"closed","template":"","meta":{"footnotes":""},"class_list":["post-6","page","type-page","status-publish","hentry"],"_links":{"self":[{"href":"https:\/\/rozwijajmy-ustron.pl\/index.php?rest_route=\/wp\/v2\/pages\/6","targetHints":{"allow":["GET"]}}],"collection":[{"href":"https:\/\/rozwijajmy-ustron.pl\/index.php?rest_route=\/wp\/v2\/pages"}],"about":[{"href":"https:\/\/rozwijajmy-ustron.pl\/index.php?rest_route=\/wp\/v2\/types\/page"}],"author":[{"embeddable":true,"href":"https:\/\/rozwijajmy-ustron.pl\/index.php?rest_route=\/wp\/v2\/users\/1"}],"replies":[{"embeddable":true,"href":"https:\/\/rozwijajmy-ustron.pl\/index.php?rest_route=%2Fwp%2Fv2%2Fcomments&post=6"}],"version-history":[{"count":7,"href":"https:\/\/rozwijajmy-ustron.pl\/index.php?rest_route=\/wp\/v2\/pages\/6\/revisions"}],"predecessor-version":[{"id":49,"href":"https:\/\/rozwijajmy-ustron.pl\/index.php?rest_route=\/wp\/v2\/pages\/6\/revisions\/49"}],"wp:attachment":[{"href":"https:\/\/rozwijajmy-ustron.pl\/index.php?rest_route=%2Fwp%2Fv2%2Fmedia&parent=6"}],"curies":[{"name":"wp","href":"https:\/\/api.w.org\/{rel}","templated":true}]}}